{"id":5410,"date":"2022-06-14T18:42:00","date_gmt":"2022-06-14T18:42:00","guid":{"rendered":"https:\/\/socolet.cl\/?page_id=5410"},"modified":"2022-07-13T21:48:31","modified_gmt":"2022-07-13T21:48:31","slug":"nosotros","status":"publish","type":"page","link":"https:\/\/socolet.cl\/index.php\/nosotros\/","title":{"rendered":"Nosotros"},"content":{"rendered":"\t\t<div data-elementor-type=\"wp-page\" data-elementor-id=\"5410\" class=\"elementor elementor-5410\" data-elementor-post-type=\"page\">\n\t\t\t\t\t\t\t\t\t<section class=\"elementor-section elementor-top-section elementor-element elementor-element-41278ed elementor-section-boxed elementor-section-height-default elementor-section-height-default\" data-id=\"41278ed\" data-element_type=\"section\" data-settings=\"{&quot;jet_parallax_layout_list&quot;:[]}\">\n\t\t\t\t\t\t<div class=\"elementor-container elementor-column-gap-default\">\n\t\t\t\t\t<div class=\"elementor-column elementor-col-100 elementor-top-column elementor-element elementor-element-199ef3a\" data-id=\"199ef3a\" data-element_type=\"column\">\n\t\t\t<div class=\"elementor-widget-wrap elementor-element-populated\">\n\t\t\t\t\t\t\t\t<div class=\"elementor-element elementor-element-ed32126 elementor-widget elementor-widget-text-editor\" data-id=\"ed32126\" data-element_type=\"widget\" data-widget_type=\"text-editor.default\">\n\t\t\t\t<div class=\"elementor-widget-container\">\n\t\t\t\t\t\t\t<p><span style=\"font-weight: 400;\">Somos una empresa familiar dedicada a la prestaci\u00f3n de servicios de seguridad privada desde el a\u00f1o 2001 y que ha diversificado sus operaciones en el \u00e1rea de recursos humanos y asesor\u00edas con el fin de satisfacer m\u00faltiples necesidades que mantienen nuestros clientes.<\/span><\/p><p><span style=\"font-weight: 400;\">Con m\u00e1s de 20 a\u00f1os de experiencia, contamos con <\/span><span style=\"font-weight: 400;\">un equipo multidisciplinario de profesionales con vasta experiencia en cada \u00e1rea de negocio, con el fin de asesorar a nuestros clientes de la mejor manera, entregando un servicio de calidad bajo altos est\u00e1ndares de control y retroalimentaci\u00f3n.<\/span><\/p><p><strong>Nuestro sello es entregar un servicio personalizado generando valor a la gesti\u00f3n.<\/strong><\/p>\t\t\t\t\t\t<\/div>\n\t\t\t\t<\/div>\n\t\t\t\t\t<\/div>\n\t\t<\/div>\n\t\t\t\t\t\t\t<\/div>\n\t\t<\/section>\n\t\t\t\t\t\t\t<\/div>\n\t\t","protected":false},"excerpt":{"rendered":"<p>Somos una empresa familiar dedicada a la prestaci\u00f3n de servicios de seguridad privada desde el a\u00f1o 2001 y que ha diversificado sus operaciones en el \u00e1rea de recursos humanos y asesor\u00edas con el fin de satisfacer m\u00faltiples necesidades que mantienen nuestros clientes. Con m\u00e1s de 20 a\u00f1os de experiencia, contamos con un equipo multidisciplinario de [&hellip;]<\/p>\n","protected":false},"author":1,"featured_media":5473,"parent":0,"menu_order":0,"comment_status":"closed","ping_status":"closed","template":"","meta":[],"_links":{"self":[{"href":"https:\/\/socolet.cl\/index.php\/wp-json\/wp\/v2\/pages\/5410"}],"collection":[{"href":"https:\/\/socolet.cl\/index.php\/wp-json\/wp\/v2\/pages"}],"about":[{"href":"https:\/\/socolet.cl\/index.php\/wp-json\/wp\/v2\/types\/page"}],"author":[{"embeddable":true,"href":"https:\/\/socolet.cl\/index.php\/wp-json\/wp\/v2\/users\/1"}],"replies":[{"embeddable":true,"href":"https:\/\/socolet.cl\/index.php\/wp-json\/wp\/v2\/comments?post=5410"}],"version-history":[{"count":8,"href":"https:\/\/socolet.cl\/index.php\/wp-json\/wp\/v2\/pages\/5410\/revisions"}],"predecessor-version":[{"id":5693,"href":"https:\/\/socolet.cl\/index.php\/wp-json\/wp\/v2\/pages\/5410\/revisions\/5693"}],"wp:featuredmedia":[{"embeddable":true,"href":"https:\/\/socolet.cl\/index.php\/wp-json\/wp\/v2\/media\/5473"}],"wp:attachment":[{"href":"https:\/\/socolet.cl\/index.php\/wp-json\/wp\/v2\/media?parent=5410"}],"curies":[{"name":"wp","href":"https:\/\/api.w.org\/{rel}","templated":true}]}}