{"id":5407,"date":"2022-06-14T22:12:53","date_gmt":"2022-06-14T22:12:53","guid":{"rendered":"https:\/\/socolet.cl\/?page_id=5407"},"modified":"2022-06-15T21:46:37","modified_gmt":"2022-06-15T21:46:37","slug":"servicios","status":"publish","type":"page","link":"https:\/\/socolet.cl\/index.php\/servicios\/","title":{"rendered":"Servicios"},"content":{"rendered":"\t\t<div data-elementor-type=\"wp-page\" data-elementor-id=\"5407\" class=\"elementor elementor-5407\" data-elementor-post-type=\"page\">\n\t\t\t\t\t\t\t\t\t<section class=\"elementor-section elementor-top-section elementor-element elementor-element-388715a elementor-section-stretched elementor-section-boxed elementor-section-height-default elementor-section-height-default\" data-id=\"388715a\" data-element_type=\"section\" data-settings=\"{&quot;stretch_section&quot;:&quot;section-stretched&quot;,&quot;jet_parallax_layout_list&quot;:[]}\">\n\t\t\t\t\t\t<div class=\"elementor-container elementor-column-gap-default\">\n\t\t\t\t\t<div class=\"elementor-column elementor-col-100 elementor-top-column elementor-element elementor-element-6aa7f06\" data-id=\"6aa7f06\" data-element_type=\"column\">\n\t\t\t<div class=\"elementor-widget-wrap elementor-element-populated\">\n\t\t\t\t\t\t\t\t<div class=\"elementor-element elementor-element-b8e7186 elementor-posts--align-left elementor-grid-3 elementor-grid-tablet-2 elementor-grid-mobile-1 elementor-posts--thumbnail-top elementor-widget elementor-widget-posts\" data-id=\"b8e7186\" data-element_type=\"widget\" data-settings=\"{&quot;classic_row_gap&quot;:{&quot;unit&quot;:&quot;px&quot;,&quot;size&quot;:10,&quot;sizes&quot;:[]},&quot;classic_columns&quot;:&quot;3&quot;,&quot;classic_columns_tablet&quot;:&quot;2&quot;,&quot;classic_columns_mobile&quot;:&quot;1&quot;,&quot;classic_row_gap_tablet&quot;:{&quot;unit&quot;:&quot;px&quot;,&quot;size&quot;:&quot;&quot;,&quot;sizes&quot;:[]},&quot;classic_row_gap_mobile&quot;:{&quot;unit&quot;:&quot;px&quot;,&quot;size&quot;:&quot;&quot;,&quot;sizes&quot;:[]}}\" data-widget_type=\"posts.classic\">\n\t\t\t\t<div class=\"elementor-widget-container\">\n\t\t\t\t\t<div class=\"elementor-posts-container elementor-posts elementor-posts--skin-classic elementor-grid\">\n\t\t\t\t<article class=\"elementor-post elementor-grid-item post-5535 post type-post status-publish format-standard has-post-thumbnail hentry category-servicios\">\n\t\t\t\t<a class=\"elementor-post__thumbnail__link\" href=\"https:\/\/socolet.cl\/index.php\/2022\/06\/15\/guardias-privada\/\" tabindex=\"-1\" >\n\t\t\t<div class=\"elementor-post__thumbnail\"><img fetchpriority=\"high\" decoding=\"async\" width=\"768\" height=\"288\" src=\"https:\/\/socolet.cl\/wp-content\/uploads\/2022\/06\/NUEVA_CAB_SEGURIDAD_PRIVADA-768x288.jpg\" class=\"attachment-medium_large size-medium_large wp-image-5540\" alt=\"\" srcset=\"https:\/\/socolet.cl\/wp-content\/uploads\/2022\/06\/NUEVA_CAB_SEGURIDAD_PRIVADA-768x288.jpg 768w, https:\/\/socolet.cl\/wp-content\/uploads\/2022\/06\/NUEVA_CAB_SEGURIDAD_PRIVADA-300x113.jpg 300w, https:\/\/socolet.cl\/wp-content\/uploads\/2022\/06\/NUEVA_CAB_SEGURIDAD_PRIVADA-1024x384.jpg 1024w, https:\/\/socolet.cl\/wp-content\/uploads\/2022\/06\/NUEVA_CAB_SEGURIDAD_PRIVADA-1536x576.jpg 1536w, https:\/\/socolet.cl\/wp-content\/uploads\/2022\/06\/NUEVA_CAB_SEGURIDAD_PRIVADA-700x263.jpg 700w, https:\/\/socolet.cl\/wp-content\/uploads\/2022\/06\/NUEVA_CAB_SEGURIDAD_PRIVADA-800x300.jpg 800w, https:\/\/socolet.cl\/wp-content\/uploads\/2022\/06\/NUEVA_CAB_SEGURIDAD_PRIVADA.jpg 1600w\" sizes=\"(max-width: 768px) 100vw, 768px\" \/><\/div>\n\t\t<\/a>\n\t\t\t\t<div class=\"elementor-post__text\">\n\t\t\t\t<h3 class=\"elementor-post__title\">\n\t\t\t<a href=\"https:\/\/socolet.cl\/index.php\/2022\/06\/15\/guardias-privada\/\" >\n\t\t\t\tSeguridad Privada\t\t\t<\/a>\n\t\t<\/h3>\n\t\t\n\t\t<a class=\"elementor-post__read-more\" href=\"https:\/\/socolet.cl\/index.php\/2022\/06\/15\/guardias-privada\/\" aria-label=\"M\u00e1s informaci\u00f3n sobre Seguridad Privada\" tabindex=\"-1\" >\n\t\t\tLeer +\t\t<\/a>\n\n\t\t\t\t<\/div>\n\t\t\t\t<\/article>\n\t\t\t\t<article class=\"elementor-post elementor-grid-item post-5531 post type-post status-publish format-standard has-post-thumbnail hentry category-servicios\">\n\t\t\t\t<a class=\"elementor-post__thumbnail__link\" href=\"https:\/\/socolet.cl\/index.php\/2022\/06\/15\/outsourcing-de-personal\/\" tabindex=\"-1\" >\n\t\t\t<div class=\"elementor-post__thumbnail\"><img decoding=\"async\" width=\"768\" height=\"288\" src=\"https:\/\/socolet.cl\/wp-content\/uploads\/2022\/06\/NUEVA_CAB_OUTSOURCING-768x288.jpg\" class=\"attachment-medium_large size-medium_large wp-image-5533\" alt=\"\" srcset=\"https:\/\/socolet.cl\/wp-content\/uploads\/2022\/06\/NUEVA_CAB_OUTSOURCING-768x288.jpg 768w, https:\/\/socolet.cl\/wp-content\/uploads\/2022\/06\/NUEVA_CAB_OUTSOURCING-300x113.jpg 300w, https:\/\/socolet.cl\/wp-content\/uploads\/2022\/06\/NUEVA_CAB_OUTSOURCING-1024x384.jpg 1024w, https:\/\/socolet.cl\/wp-content\/uploads\/2022\/06\/NUEVA_CAB_OUTSOURCING-1536x576.jpg 1536w, https:\/\/socolet.cl\/wp-content\/uploads\/2022\/06\/NUEVA_CAB_OUTSOURCING-700x263.jpg 700w, https:\/\/socolet.cl\/wp-content\/uploads\/2022\/06\/NUEVA_CAB_OUTSOURCING-800x300.jpg 800w, https:\/\/socolet.cl\/wp-content\/uploads\/2022\/06\/NUEVA_CAB_OUTSOURCING.jpg 1600w\" sizes=\"(max-width: 768px) 100vw, 768px\" \/><\/div>\n\t\t<\/a>\n\t\t\t\t<div class=\"elementor-post__text\">\n\t\t\t\t<h3 class=\"elementor-post__title\">\n\t\t\t<a href=\"https:\/\/socolet.cl\/index.php\/2022\/06\/15\/outsourcing-de-personal\/\" >\n\t\t\t\tOutsourcing de personal\t\t\t<\/a>\n\t\t<\/h3>\n\t\t\n\t\t<a class=\"elementor-post__read-more\" href=\"https:\/\/socolet.cl\/index.php\/2022\/06\/15\/outsourcing-de-personal\/\" aria-label=\"M\u00e1s informaci\u00f3n sobre Outsourcing de personal\" tabindex=\"-1\" >\n\t\t\tLeer +\t\t<\/a>\n\n\t\t\t\t<\/div>\n\t\t\t\t<\/article>\n\t\t\t\t<article class=\"elementor-post elementor-grid-item post-5525 post type-post status-publish format-standard has-post-thumbnail hentry category-servicios\">\n\t\t\t\t<a class=\"elementor-post__thumbnail__link\" href=\"https:\/\/socolet.cl\/index.php\/2022\/06\/15\/asesorias\/\" tabindex=\"-1\" >\n\t\t\t<div class=\"elementor-post__thumbnail\"><img decoding=\"async\" width=\"768\" height=\"288\" src=\"https:\/\/socolet.cl\/wp-content\/uploads\/2022\/06\/NUEVA_CAB_ASESORIAS-768x288.jpg\" class=\"attachment-medium_large size-medium_large wp-image-5529\" alt=\"\" srcset=\"https:\/\/socolet.cl\/wp-content\/uploads\/2022\/06\/NUEVA_CAB_ASESORIAS-768x288.jpg 768w, https:\/\/socolet.cl\/wp-content\/uploads\/2022\/06\/NUEVA_CAB_ASESORIAS-300x113.jpg 300w, https:\/\/socolet.cl\/wp-content\/uploads\/2022\/06\/NUEVA_CAB_ASESORIAS-1024x384.jpg 1024w, https:\/\/socolet.cl\/wp-content\/uploads\/2022\/06\/NUEVA_CAB_ASESORIAS-1536x576.jpg 1536w, https:\/\/socolet.cl\/wp-content\/uploads\/2022\/06\/NUEVA_CAB_ASESORIAS-700x263.jpg 700w, https:\/\/socolet.cl\/wp-content\/uploads\/2022\/06\/NUEVA_CAB_ASESORIAS-800x300.jpg 800w, https:\/\/socolet.cl\/wp-content\/uploads\/2022\/06\/NUEVA_CAB_ASESORIAS.jpg 1600w\" sizes=\"(max-width: 768px) 100vw, 768px\" \/><\/div>\n\t\t<\/a>\n\t\t\t\t<div class=\"elementor-post__text\">\n\t\t\t\t<h3 class=\"elementor-post__title\">\n\t\t\t<a href=\"https:\/\/socolet.cl\/index.php\/2022\/06\/15\/asesorias\/\" >\n\t\t\t\tAsesor\u00edas\t\t\t<\/a>\n\t\t<\/h3>\n\t\t\n\t\t<a class=\"elementor-post__read-more\" href=\"https:\/\/socolet.cl\/index.php\/2022\/06\/15\/asesorias\/\" aria-label=\"M\u00e1s informaci\u00f3n sobre Asesor\u00edas\" tabindex=\"-1\" >\n\t\t\tLeer +\t\t<\/a>\n\n\t\t\t\t<\/div>\n\t\t\t\t<\/article>\n\t\t\t\t<\/div>\n\t\t\n\t\t\t\t<\/div>\n\t\t\t\t<\/div>\n\t\t\t\t\t<\/div>\n\t\t<\/div>\n\t\t\t\t\t\t\t<\/div>\n\t\t<\/section>\n\t\t\t\t<section class=\"elementor-section elementor-top-section elementor-element elementor-element-89dc595 elementor-section-boxed elementor-section-height-default elementor-section-height-default\" data-id=\"89dc595\" data-element_type=\"section\" data-settings=\"{&quot;jet_parallax_layout_list&quot;:[]}\">\n\t\t\t\t\t\t<div class=\"elementor-container elementor-column-gap-default\">\n\t\t\t\t\t<div class=\"elementor-column elementor-col-100 elementor-top-column elementor-element elementor-element-2c5fe1f\" data-id=\"2c5fe1f\" data-element_type=\"column\">\n\t\t\t<div class=\"elementor-widget-wrap elementor-element-populated\">\n\t\t\t\t\t\t\t\t<div class=\"elementor-element elementor-element-ecf38ad elementor-widget elementor-widget-heading\" data-id=\"ecf38ad\" data-element_type=\"widget\" data-widget_type=\"heading.default\">\n\t\t\t\t<div class=\"elementor-widget-container\">\n\t\t\t<h2 class=\"elementor-heading-title elementor-size-xl\">\u00bfTienes un proyecto?<\/h2>\t\t<\/div>\n\t\t\t\t<\/div>\n\t\t\t\t<div class=\"elementor-element elementor-element-6ee3ddf elementor-widget elementor-widget-heading\" data-id=\"6ee3ddf\" data-element_type=\"widget\" data-widget_type=\"heading.default\">\n\t\t\t\t<div class=\"elementor-widget-container\">\n\t\t\t<h2 class=\"elementor-heading-title elementor-size-xxl\">Cont\u00e1ctanos<\/h2>\t\t<\/div>\n\t\t\t\t<\/div>\n\t\t\t\t\t<\/div>\n\t\t<\/div>\n\t\t\t\t\t\t\t<\/div>\n\t\t<\/section>\n\t\t\t\t\t\t\t<\/div>\n\t\t","protected":false},"excerpt":{"rendered":"<p>\u00bfTienes un proyecto? Cont\u00e1ctanos<\/p>\n","protected":false},"author":1,"featured_media":5548,"parent":0,"menu_order":0,"comment_status":"closed","ping_status":"closed","template":"","meta":[],"_links":{"self":[{"href":"https:\/\/socolet.cl\/index.php\/wp-json\/wp\/v2\/pages\/5407"}],"collection":[{"href":"https:\/\/socolet.cl\/index.php\/wp-json\/wp\/v2\/pages"}],"about":[{"href":"https:\/\/socolet.cl\/index.php\/wp-json\/wp\/v2\/types\/page"}],"author":[{"embeddable":true,"href":"https:\/\/socolet.cl\/index.php\/wp-json\/wp\/v2\/users\/1"}],"replies":[{"embeddable":true,"href":"https:\/\/socolet.cl\/index.php\/wp-json\/wp\/v2\/comments?post=5407"}],"version-history":[{"count":55,"href":"https:\/\/socolet.cl\/index.php\/wp-json\/wp\/v2\/pages\/5407\/revisions"}],"predecessor-version":[{"id":5576,"href":"https:\/\/socolet.cl\/index.php\/wp-json\/wp\/v2\/pages\/5407\/revisions\/5576"}],"wp:featuredmedia":[{"embeddable":true,"href":"https:\/\/socolet.cl\/index.php\/wp-json\/wp\/v2\/media\/5548"}],"wp:attachment":[{"href":"https:\/\/socolet.cl\/index.php\/wp-json\/wp\/v2\/media?parent=5407"}],"curies":[{"name":"wp","href":"https:\/\/api.w.org\/{rel}","templated":true}]}}